{"id":177,"date":"2024-09-12T04:42:35","date_gmt":"2024-09-12T04:42:35","guid":{"rendered":"https:\/\/www.edenselva.com\/?page_id=177"},"modified":"2024-11-18T07:53:53","modified_gmt":"2024-11-18T06:53:53","slug":"climahotel","status":"publish","type":"page","link":"https:\/\/www.edenselva.com\/de\/climahotel\/","title":{"rendered":"Climahotel"},"content":{"rendered":"<div data-elementor-type=\"wp-page\" data-elementor-id=\"177\" class=\"elementor elementor-177\" data-elementor-post-type=\"page\">\n\t\t\t\t<div class=\"elementor-element elementor-element-84f5e7c e-con-full e-flex e-con e-parent\" data-id=\"84f5e7c\" data-element_type=\"container\" data-e-type=\"container\" data-settings=\"{&quot;background_background&quot;:&quot;classic&quot;}\">\n\t\t<div class=\"elementor-element elementor-element-df544ba e-con-full e-flex e-con e-child\" data-id=\"df544ba\" data-element_type=\"container\" data-e-type=\"container\">\n\t\t\t\t<div class=\"elementor-element elementor-element-028f934 elementor-widget elementor-widget-image\" data-id=\"028f934\" data-element_type=\"widget\" data-e-type=\"widget\" data-widget_type=\"image.default\">\n\t\t\t\t\t\t\t\t\t\t\t\t\t\t\t<img decoding=\"async\" width=\"202\" height=\"161\" src=\"https:\/\/www.edenselva.com\/wp-content\/uploads\/2024\/09\/klimahotel.png\" class=\"attachment-full size-full wp-image-31\" alt=\"\" \/>\t\t\t\t\t\t\t\t\t\t\t\t\t\t\t<\/div>\n\t\t\t\t<\/div>\n\t\t\t\t<\/div>\n\t\t<div class=\"elementor-element elementor-element-7965b72 e-flex e-con-boxed e-con e-parent\" data-id=\"7965b72\" data-element_type=\"container\" data-e-type=\"container\">\n\t\t\t\t\t<div class=\"e-con-inner\">\n\t\t\t\t<div class=\"elementor-element elementor-element-6da5b0f elementor-widget elementor-widget-heading\" data-id=\"6da5b0f\" data-element_type=\"widget\" data-e-type=\"widget\" data-widget_type=\"heading.default\">\n\t\t\t\t\t<h1 class=\"elementor-heading-title elementor-size-default\">ClimaHotel\u00ae<\/h1>\t\t\t\t<\/div>\n\t\t\t\t<div class=\"elementor-element elementor-element-7c249b9 elementor-widget elementor-widget-heading\" data-id=\"7c249b9\" data-element_type=\"widget\" data-e-type=\"widget\" data-widget_type=\"heading.default\">\n\t\t\t\t\t<h2 class=\"elementor-heading-title elementor-size-default\">Das ideale 4-Sterne-Hotel, um zu sich selbst zu finden.<\/h2>\t\t\t\t<\/div>\n\t\t\t\t<div class=\"elementor-element elementor-element-978e0c7 elementor-widget elementor-widget-heading\" data-id=\"978e0c7\" data-element_type=\"widget\" data-e-type=\"widget\" data-widget_type=\"heading.default\">\n\t\t\t\t\t<h3 class=\"elementor-heading-title elementor-size-default\">Wir sind stolz auf unsere Dolomiten, die zum UNESCO-Welterbe geh\u00f6ren und wir freuen uns, unseren Beitrag zum Respekt und Schutz der Natur leisten zu d\u00fcrfen.<\/h3>\t\t\t\t<\/div>\n\t\t\t\t<div class=\"elementor-element elementor-element-f0948d9 elementor-widget elementor-widget-text-editor\" data-id=\"f0948d9\" data-element_type=\"widget\" data-e-type=\"widget\" data-widget_type=\"text-editor.default\">\n\t\t\t\t\t\t\t\t\t<p class=\"translation-block\"><p>Was bedeutet es, ein Climahotel\u00ae zu sein? Es bedeutet eine <strong>Garantie f\u00fcr \u00f6kologische Nachhaltigkeit<\/strong>. Es bedeutet, dass wir uns das Wohlbefinden unserer G\u00e4ste zu Herzen nehmen und die Werte unseres Gebiets hervorheben.<br>\nDie Entscheidung, das Climahotel\u00ae-Nachhaltigkeitsprotokoll einzuhalten, zeugt von unserer Verbundenheit mit der Natur und unserem Engagement f\u00fcr den Umweltschutz. Dieses Hotel ist der ideale Ort f\u00fcr diejenigen, die einen bewussten Lebensstil pflegen, die bereits an morgen denken und an das, was sie zur\u00fccklassen. <br><br>\n             \n\t\t\tIm Jahr 2016 erhielten wir das strenge <strong>\"Climahotel\u00ae\"<\/strong>-Siegel, das nur an Hotels vergeben wird, die bestimmte Kriterien in den drei Bewertungsbereichen <strong>Natur, Leben und Transparenz<\/strong> erf\u00fcllen.<br>\n  Die Kriterien im Bewertungsbereich <strong>Natur<\/strong> haben uns geholfen, die Energieeffizienz unseres Hotels zu verbessern und zu verstehen, wie wir noch mehr zum Klimaschutz beitragen k\u00f6nnen.<br>\n  <strong>Wohlbefinden<\/strong> und Komfort unserer G\u00e4ste werden durch den <strong>Life<\/strong> Assessment Bereich, durch eine hohe Qualit\u00e4t der Innenr\u00e4ume, gew\u00e4hrleistet.<br>\n  Schlie\u00dflich f\u00fchren wir eine st\u00e4ndige Kontrolle des Energie- und Wasserverbrauchs durch, versuchen die Abfallproduktion so weit wie m\u00f6glich zu reduzieren und f\u00f6rdern die Zunahme von Produkten der kurzen Kette in unseren Speisepl\u00e4nen. <br> <br>\n            \n  Wir sind stolz darauf, dass wir 2019 im Rahmen des Climahost-Wettbewerbes eine Auszeichnung in der Kategorie \"Hotel f\u00fcr den Kampf gegen den Klimawandel im Hotel- und Gastst\u00e4ttengewerbe im Alpenraum\u201c erhalten. Der <strong>zweite Climahost-Preis<\/strong> wird von der \u00f6sterreichischen Bundesministerin f\u00fcr Nachhaltigkeit und Tourismus, Frau Dr. K\u00f6stinger, der deutschen Bundesministerin f\u00fcr Umwelt, Frau Dr. Schulze, und dem Generalsekret\u00e4r der Alpenkonvention, Herrn Dr. Reiterer, an Herrn Roland Demetz verliehen.<br><br>\n  \n  Ein Urlaub in unserem Hotel verbraucht weniger Energie, weniger Wasser und produziert weniger Abfall als ein Aufenthalt in einem konventionellen Hotel, mit Standardleistungen in Bezug auf Energieeffizienz und <strong>Nachhaltigkeit<\/strong>.<br>\n  Finden wir es gemeinsam mit dem <strong>Climahotel\u00ae-Fu\u00dfabdruck-Rechner<\/strong> heraus.<\/p><\/p>\t\t\t\t\t\t\t\t<\/div>\n\t\t\t\t\t<\/div>\n\t\t\t\t<\/div>\n\t\t<div class=\"elementor-element elementor-element-13e32a1 e-con-full e-flex e-con e-parent\" data-id=\"13e32a1\" data-element_type=\"container\" data-e-type=\"container\">\n\t\t\t\t<div class=\"elementor-element elementor-element-7bdc1a3 elementor-widget elementor-widget-gallery\" data-id=\"7bdc1a3\" data-element_type=\"widget\" data-e-type=\"widget\" data-settings=\"{&quot;columns&quot;:3,&quot;gap&quot;:{&quot;unit&quot;:&quot;px&quot;,&quot;size&quot;:20,&quot;sizes&quot;:[]},&quot;aspect_ratio&quot;:&quot;4:3&quot;,&quot;lazyload&quot;:&quot;yes&quot;,&quot;gallery_layout&quot;:&quot;grid&quot;,&quot;columns_tablet&quot;:2,&quot;columns_mobile&quot;:1,&quot;gap_tablet&quot;:{&quot;unit&quot;:&quot;px&quot;,&quot;size&quot;:10,&quot;sizes&quot;:[]},&quot;gap_mobile&quot;:{&quot;unit&quot;:&quot;px&quot;,&quot;size&quot;:10,&quot;sizes&quot;:[]},&quot;link_to&quot;:&quot;file&quot;,&quot;content_hover_animation&quot;:&quot;fade-in&quot;}\" data-widget_type=\"gallery.default\">\n\t\t\t\t\t\t\t<div class=\"elementor-gallery__container\">\n\t\t\t\t\t\t\t<a class=\"e-gallery-item elementor-gallery-item elementor-animated-content\" href=\"https:\/\/www.edenselva.com\/wp-content\/uploads\/2024\/09\/20211117093030.jpg\" data-elementor-open-lightbox=\"yes\" data-elementor-lightbox-slideshow=\"7bdc1a3\" data-elementor-lightbox-title=\"20211117093030\" data-e-action-hash=\"#elementor-action%3Aaction%3Dlightbox%26settings%3DeyJpZCI6MTgxLCJ1cmwiOiJodHRwczpcL1wvd3d3LmVkZW5zZWx2YS5jb21cL3dwLWNvbnRlbnRcL3VwbG9hZHNcLzIwMjRcLzA5XC8yMDIxMTExNzA5MzAzMC5qcGciLCJzbGlkZXNob3ciOiI3YmRjMWEzIn0%3D\">\n\t\t\t\t\t<div class=\"e-gallery-image elementor-gallery-item__image\" data-thumbnail=\"https:\/\/www.edenselva.com\/wp-content\/uploads\/2024\/09\/20211117093030-1024x628.jpg\" data-width=\"800\" data-height=\"491\" aria-label=\"\" role=\"img\" ><\/div>\n\t\t\t\t\t\t\t\t\t\t\t\t\t\t<\/a>\n\t\t\t\t\t\t\t<a class=\"e-gallery-item elementor-gallery-item elementor-animated-content\" href=\"https:\/\/www.edenselva.com\/wp-content\/uploads\/2024\/09\/20210531115805.jpg\" data-elementor-open-lightbox=\"yes\" data-elementor-lightbox-slideshow=\"7bdc1a3\" data-elementor-lightbox-title=\"20210531115805\" data-e-action-hash=\"#elementor-action%3Aaction%3Dlightbox%26settings%3DeyJpZCI6MTgwLCJ1cmwiOiJodHRwczpcL1wvd3d3LmVkZW5zZWx2YS5jb21cL3dwLWNvbnRlbnRcL3VwbG9hZHNcLzIwMjRcLzA5XC8yMDIxMDUzMTExNTgwNS5qcGciLCJzbGlkZXNob3ciOiI3YmRjMWEzIn0%3D\">\n\t\t\t\t\t<div class=\"e-gallery-image elementor-gallery-item__image\" data-thumbnail=\"https:\/\/www.edenselva.com\/wp-content\/uploads\/2024\/09\/20210531115805-1024x683.jpg\" data-width=\"800\" data-height=\"534\" aria-label=\"\" role=\"img\" ><\/div>\n\t\t\t\t\t\t\t\t\t\t\t\t\t\t<\/a>\n\t\t\t\t\t\t\t<a class=\"e-gallery-item elementor-gallery-item elementor-animated-content\" href=\"https:\/\/www.edenselva.com\/wp-content\/uploads\/2024\/09\/20211117093045.jpg\" data-elementor-open-lightbox=\"yes\" data-elementor-lightbox-slideshow=\"7bdc1a3\" data-elementor-lightbox-title=\"20211117093045\" data-e-action-hash=\"#elementor-action%3Aaction%3Dlightbox%26settings%3DeyJpZCI6MTgyLCJ1cmwiOiJodHRwczpcL1wvd3d3LmVkZW5zZWx2YS5jb21cL3dwLWNvbnRlbnRcL3VwbG9hZHNcLzIwMjRcLzA5XC8yMDIxMTExNzA5MzA0NS5qcGciLCJzbGlkZXNob3ciOiI3YmRjMWEzIn0%3D\">\n\t\t\t\t\t<div class=\"e-gallery-image elementor-gallery-item__image\" data-thumbnail=\"https:\/\/www.edenselva.com\/wp-content\/uploads\/2024\/09\/20211117093045-1024x678.jpg\" data-width=\"800\" data-height=\"530\" aria-label=\"\" role=\"img\" ><\/div>\n\t\t\t\t\t\t\t\t\t\t\t\t\t\t<\/a>\n\t\t\t\t\t\t\t<a class=\"e-gallery-item elementor-gallery-item elementor-animated-content\" href=\"https:\/\/www.edenselva.com\/wp-content\/uploads\/2024\/09\/20211117093131.jpg\" data-elementor-open-lightbox=\"yes\" data-elementor-lightbox-slideshow=\"7bdc1a3\" data-elementor-lightbox-title=\"20211117093131\" data-e-action-hash=\"#elementor-action%3Aaction%3Dlightbox%26settings%3DeyJpZCI6MTg0LCJ1cmwiOiJodHRwczpcL1wvd3d3LmVkZW5zZWx2YS5jb21cL3dwLWNvbnRlbnRcL3VwbG9hZHNcLzIwMjRcLzA5XC8yMDIxMTExNzA5MzEzMS5qcGciLCJzbGlkZXNob3ciOiI3YmRjMWEzIn0%3D\">\n\t\t\t\t\t<div class=\"e-gallery-image elementor-gallery-item__image\" data-thumbnail=\"https:\/\/www.edenselva.com\/wp-content\/uploads\/2024\/09\/20211117093131-1024x683.jpg\" data-width=\"800\" data-height=\"534\" aria-label=\"\" role=\"img\" ><\/div>\n\t\t\t\t\t\t\t\t\t\t\t\t\t\t<\/a>\n\t\t\t\t\t\t\t<a class=\"e-gallery-item elementor-gallery-item elementor-animated-content\" href=\"https:\/\/www.edenselva.com\/wp-content\/uploads\/2024\/09\/20211117093106.jpg\" data-elementor-open-lightbox=\"yes\" data-elementor-lightbox-slideshow=\"7bdc1a3\" data-elementor-lightbox-title=\"20211117093106\" data-e-action-hash=\"#elementor-action%3Aaction%3Dlightbox%26settings%3DeyJpZCI6MTgzLCJ1cmwiOiJodHRwczpcL1wvd3d3LmVkZW5zZWx2YS5jb21cL3dwLWNvbnRlbnRcL3VwbG9hZHNcLzIwMjRcLzA5XC8yMDIxMTExNzA5MzEwNi5qcGciLCJzbGlkZXNob3ciOiI3YmRjMWEzIn0%3D\">\n\t\t\t\t\t<div class=\"e-gallery-image elementor-gallery-item__image\" data-thumbnail=\"https:\/\/www.edenselva.com\/wp-content\/uploads\/2024\/09\/20211117093106-1024x681.jpg\" data-width=\"800\" data-height=\"532\" aria-label=\"\" role=\"img\" ><\/div>\n\t\t\t\t\t\t\t\t\t\t\t\t\t\t<\/a>\n\t\t\t\t\t\t\t<a class=\"e-gallery-item elementor-gallery-item elementor-animated-content\" href=\"https:\/\/www.edenselva.com\/wp-content\/uploads\/2024\/09\/20211117093207.jpg\" data-elementor-open-lightbox=\"yes\" data-elementor-lightbox-slideshow=\"7bdc1a3\" data-elementor-lightbox-title=\"20211117093207\" data-e-action-hash=\"#elementor-action%3Aaction%3Dlightbox%26settings%3DeyJpZCI6MTg1LCJ1cmwiOiJodHRwczpcL1wvd3d3LmVkZW5zZWx2YS5jb21cL3dwLWNvbnRlbnRcL3VwbG9hZHNcLzIwMjRcLzA5XC8yMDIxMTExNzA5MzIwNy5qcGciLCJzbGlkZXNob3ciOiI3YmRjMWEzIn0%3D\">\n\t\t\t\t\t<div class=\"e-gallery-image elementor-gallery-item__image\" data-thumbnail=\"https:\/\/www.edenselva.com\/wp-content\/uploads\/2024\/09\/20211117093207-1024x820.jpg\" data-width=\"800\" data-height=\"641\" aria-label=\"\" role=\"img\" ><\/div>\n\t\t\t\t\t\t\t\t\t\t\t\t\t\t<\/a>\n\t\t\t\t\t<\/div>\n\t\t\t\t\t<\/div>\n\t\t\t\t<\/div>\n\t\t\t\t<\/div>","protected":false},"excerpt":{"rendered":"<p>ClimaHotel\u00ae L\u2019Hotel 4 stelle ideale per ritrovare se stessi. Orgogliosi delle nostre Dolomiti, patrimonio dell\u2019UNESCO. Felici di rispettare, tutelare e sostenere il clima e di valorizzare il nostro territorio. Cosa significa essere un ClimaHotel\u00ae? Significa garanzia di ecosostenibilit\u00e0, significa prendersi a cuore il benessere degli ospiti dando risalto ai valori del proprio territorio.Aver scelto di [&hellip;]<\/p>\n","protected":false},"author":1,"featured_media":0,"parent":0,"menu_order":0,"comment_status":"closed","ping_status":"closed","template":"","meta":{"_acf_changed":false,"footnotes":""},"class_list":["post-177","page","type-page","status-publish","hentry"],"acf":[],"_links":{"self":[{"href":"https:\/\/www.edenselva.com\/de\/wp-json\/wp\/v2\/pages\/177","targetHints":{"allow":["GET"]}}],"collection":[{"href":"https:\/\/www.edenselva.com\/de\/wp-json\/wp\/v2\/pages"}],"about":[{"href":"https:\/\/www.edenselva.com\/de\/wp-json\/wp\/v2\/types\/page"}],"author":[{"embeddable":true,"href":"https:\/\/www.edenselva.com\/de\/wp-json\/wp\/v2\/users\/1"}],"replies":[{"embeddable":true,"href":"https:\/\/www.edenselva.com\/de\/wp-json\/wp\/v2\/comments?post=177"}],"version-history":[{"count":17,"href":"https:\/\/www.edenselva.com\/de\/wp-json\/wp\/v2\/pages\/177\/revisions"}],"predecessor-version":[{"id":545,"href":"https:\/\/www.edenselva.com\/de\/wp-json\/wp\/v2\/pages\/177\/revisions\/545"}],"wp:attachment":[{"href":"https:\/\/www.edenselva.com\/de\/wp-json\/wp\/v2\/media?parent=177"}],"curies":[{"name":"wp","href":"https:\/\/api.w.org\/{rel}","templated":true}]}}